{"id":148,"date":"2018-04-10T14:56:17","date_gmt":"2018-04-10T17:56:17","guid":{"rendered":"http:\/\/cdhsp.com.br\/site\/?page_id=148"},"modified":"2025-08-18T17:18:31","modified_gmt":"2025-08-18T20:18:31","slug":"exames","status":"publish","type":"page","link":"https:\/\/cdhsp.com.br\/site\/exames\/","title":{"rendered":"Exames"},"content":{"rendered":"<p><strong>Exames-Doppler Vascular<\/strong><br \/>\n-Ultrassonografia 4D<br \/>\n-Ultrassonografia Colorida com Doppler<br \/>\n-Mamografia de Alta Resolu\u00e7\u00e3o Digital<br \/>\n-Densitometria \u00f3ssea<br \/>\n-Radiologia em Geral<br \/>\n-Ecocardiograma<br \/>\n-Bi\u00f3psia guiada por ultrassonografia<\/p>\n<ul>\n<li><strong>Ultrassonografia 4d<\/strong><br \/>\nM\u00e9todo diagn\u00f3stico que n\u00e3o utiliza radia\u00e7\u00e3o ionizante, com imagens em 4d de<br \/>\nalta resolu\u00e7\u00e3o permitindo que a paciente e os acompanhantes possam<br \/>\nvisualizar as partes fetais e identifica-las com clareza e exatid\u00e3o reais.<\/li>\n<li><strong>Densitometria \u00d3ssea (Corpo Inteiro)<\/strong><br \/>\n\u00danico m\u00e9todo para um diagn\u00f3stico seguro da avalia\u00e7\u00e3o da massa \u00f3ssea e medida de massa magra.<\/li>\n<li><strong>Densitometria \u00d3ssea (Coluna Lombar e F\u00eamur )<\/strong><br \/>\n\u00c9 o exame que vai avaliar e diagnosticar casos de osteoporose ou de doen\u00e7as que atingem a massa \u00f3ssea.<\/li>\n<li><strong>Doppler Vascular Fetal (Doppler Obst\u00e9trico)<br \/>\n<\/strong>\u00c9 um exame que utiliza a ultrassonografia para avaliar o bem estar fetal,<br \/>\nintrauterino, permitindo o diagn\u00f3stico precoce de doen\u00e7as que podem mudar a<br \/>\nevolu\u00e7\u00e3o da gesta\u00e7\u00e3o de alto risco. Permite avaliar a curva de ganho de peso<br \/>\nfetal durante a gesta\u00e7\u00e3o.<strong><br \/>\n<\/strong><\/li>\n<li><strong>Mamografia<\/strong><br \/>\nA mamografia \u00e9 um exame de imagem (raio-X) feito na regi\u00e3o das mamas, que permite detectar a exist\u00eancia de n\u00f3dulos, assimetrias mam\u00e1rias,microcalcifica\u00e7\u00f5es, entre outras altera\u00e7\u00f5es e les\u00f5es que ainda n\u00e3o s\u00e3o percept\u00edveis e palp\u00e1veis, \u00e9 realizado por meio do mam\u00f3grafo. \u00c9 o principal meio de rastreio radiol\u00f3gico do cancer de mama.<\/li>\n<li><strong>Radiologia<\/strong><br \/>\nUm exame que utiliza as radia\u00e7\u00f5es para a realiza\u00e7\u00e3o de diagn\u00f3sticos, controle e tratamento de doen\u00e7as. Ela permite a visualiza\u00e7\u00e3o de ossos, \u00f3rg\u00e3os ou estruturas atrav\u00e9s do uso de radia\u00e7\u00f5es.<\/li>\n<li><strong>Ecocardiograma<\/strong><br \/>\nO ecocardiograma \u00e9 um exame de ultrassom que usa ondas sonoras de alta frequ\u00eancia para criar imagens, que permitem avaliar todas as estruturas do cora\u00e7\u00e3o e seu funcionamento: forma, tamanho e espessura do \u00f3rg\u00e3o, entrada e sa\u00edda do sangue atrav\u00e9s das valvas, exist\u00eancia de massas e tumores, sopros, cicatrizes de infarto, doen\u00e7as cong\u00eanitas<\/li>\n<li><strong>Biopsia (Tire\u00f3ide e Pr\u00f3stata)<\/strong><br \/>\nBi\u00f3psia \u00e9 o procedimento no qual se colhe c\u00e9lulas ou um pequeno fragmento de tecido org\u00e2nico para serem posteriormente submetidos a estudo e an\u00e1lise em laborat\u00f3rio.<\/li>\n<li><strong>Ultrassonografia colorida com Doppler<br \/>\n<\/strong>\u00c9 um procedimento indolor que utiliza as imagens obtidas por ultrassonografia, associadas \u00e0 an\u00e1lise das ondas de som de alta frequ\u00eancia, que fazem uma an\u00e1lise do fluxo do sangue no interior dos vasos (Doppler).<\/li>\n<li><strong>Ultrassonografia morfol\u00f3gica fetal de 1\u00ba trimestre<\/strong><br \/>\nPermite avalia\u00e7\u00e3o fetal sobre o risco de altera\u00e7\u00f5es cromoss\u00f4micas (entre elas a s\u00edndrome de Down), realizado entre 11 a 14 semanas de gesta\u00e7\u00e3o.<\/li>\n<li><strong>Ultrassonografia morfol\u00f3gica fetal de 2\u00ba trimestre<\/strong><br \/>\nPermite avalia\u00e7\u00e3o fetal sobre o risco de mal forma\u00e7\u00f5es fetais em todos os \u00f3rg\u00e3os e sistemas como sistema nervoso central, sistema cardiovascular, sistema renal, sistema digestivo, sistema respirat\u00f3rio e membros entre outros. realizada no per\u00edodo de 20 a 25 semanas.<\/li>\n<li><strong>Ultrassonografia em geral<\/strong><br \/>\nAbdominal Total, Tire\u00f3ide, Regi\u00e3o Cervical, Mamas, Aparelho urin\u00e1rio, P\u00e9lvica Ginecol\u00f3gica, P\u00e9lvica Masculina(Pr\u00f3stata), P\u00e9lvica Ginecol\u00f3gicaEndovaginal, Bolsa Testicular, Musculoesquel\u00e9tico.<\/li>\n<\/ul>\n","protected":false},"excerpt":{"rendered":"<p>Exames-Doppler Vascular -Ultrassonografia 4D -Ultrassonografia Colorida com Doppler -Mamografia de Alta Resolu\u00e7\u00e3o Digital -Densitometria \u00f3ssea -Radiologia em Geral -Ecocardiograma -Bi\u00f3psia guiada por ultrassonografia Ultrassonografia 4d M\u00e9todo diagn\u00f3stico que n\u00e3o utiliza radia\u00e7\u00e3o ionizante, com imagens em 4d de alta resolu\u00e7\u00e3o permitindo que a paciente e os acompanhantes possam visualizar as partes fetais e identifica-las com clareza [&hellip;]<\/p>\n","protected":false},"author":1,"featured_media":0,"parent":0,"menu_order":0,"comment_status":"closed","ping_status":"closed","template":"","meta":{"footnotes":""},"class_list":["post-148","page","type-page","status-publish","hentry"],"_links":{"self":[{"href":"https:\/\/cdhsp.com.br\/site\/wp-json\/wp\/v2\/pages\/148","targetHints":{"allow":["GET"]}}],"collection":[{"href":"https:\/\/cdhsp.com.br\/site\/wp-json\/wp\/v2\/pages"}],"about":[{"href":"https:\/\/cdhsp.com.br\/site\/wp-json\/wp\/v2\/types\/page"}],"author":[{"embeddable":true,"href":"https:\/\/cdhsp.com.br\/site\/wp-json\/wp\/v2\/users\/1"}],"replies":[{"embeddable":true,"href":"https:\/\/cdhsp.com.br\/site\/wp-json\/wp\/v2\/comments?post=148"}],"version-history":[{"count":15,"href":"https:\/\/cdhsp.com.br\/site\/wp-json\/wp\/v2\/pages\/148\/revisions"}],"predecessor-version":[{"id":409,"href":"https:\/\/cdhsp.com.br\/site\/wp-json\/wp\/v2\/pages\/148\/revisions\/409"}],"wp:attachment":[{"href":"https:\/\/cdhsp.com.br\/site\/wp-json\/wp\/v2\/media?parent=148"}],"curies":[{"name":"wp","href":"https:\/\/api.w.org\/{rel}","templated":true}]}}