{"id":143,"date":"2018-04-10T14:48:32","date_gmt":"2018-04-10T17:48:32","guid":{"rendered":"http:\/\/cdhsp.com.br\/site\/?page_id=143"},"modified":"2018-09-03T15:21:06","modified_gmt":"2018-09-03T18:21:06","slug":"profissionais","status":"publish","type":"page","link":"https:\/\/cdhsp.com.br\/site\/profissionais\/","title":{"rendered":"Equipe M\u00e9dica"},"content":{"rendered":"<table>\n<tbody>\n<tr>\n<th>M\u00e9dico<\/th>\n<th>Especialidade<\/th>\n<th>CRM<\/th>\n<\/tr>\n<tr>\n<td style=\"text-align: center;\">Alex Bedim<\/td>\n<td style=\"text-align: center;\">Radiologista<\/td>\n<td style=\"text-align: center;\">31.080<\/td>\n<\/tr>\n<tr>\n<td style=\"text-align: center;\">Antonio de P\u00e1dua Bizzo<\/td>\n<td style=\"text-align: center;\">Radiologista<\/td>\n<td style=\"text-align: center;\">14.095<\/td>\n<\/tr>\n<tr>\n<td style=\"text-align: center;\">Bruno Almeida Sim\u00e3o da Mata<\/td>\n<td style=\"text-align: center;\">Radiologista<\/td>\n<td style=\"text-align: center;\">75.257<\/td>\n<\/tr>\n<tr>\n<td style=\"text-align: center;\">Carlos Eduardo Bazarelli Almeida<\/td>\n<td style=\"text-align: center;\">Radiologista<\/td>\n<td style=\"text-align: center;\">46.982<\/td>\n<\/tr>\n<tr>\n<td style=\"text-align: center;\">Edivar Pereira de Almeida<\/td>\n<td style=\"text-align: center;\">Cardiologista<\/td>\n<td style=\"text-align: center;\">17.395<\/td>\n<\/tr>\n<tr>\n<td style=\"text-align: center;\">Erickson Guedes Ferrari<\/td>\n<td style=\"text-align: center;\">Cardiologista<\/td>\n<td style=\"text-align: center;\">17.046<\/td>\n<\/tr>\n<tr>\n<td style=\"text-align: center;\">Fernando Rodrigues Lauriano<\/td>\n<td style=\"text-align: center;\">Densitometrista<\/td>\n<td style=\"text-align: center;\">22.318<\/td>\n<\/tr>\n<tr>\n<td style=\"text-align: center;\">Jos\u00e9 Geraldo da Silva<\/td>\n<td style=\"text-align: center;\">Cirurgia Vascular\/ Angiologista<\/td>\n<td style=\"text-align: center;\">12.904<\/td>\n<\/tr>\n<tr>\n<td style=\"text-align: center;\">Jose Santos Mostaro<\/td>\n<td style=\"text-align: center;\">Cardiologista<\/td>\n<td style=\"text-align: center;\">42.442<\/td>\n<\/tr>\n<tr>\n<td style=\"text-align: center;\">Luiz Henrique Gon\u00e7alves<\/td>\n<td style=\"text-align: center;\">Cirurgia Vascular\/ Angiologista<\/td>\n<td style=\"text-align: center;\">23.388<\/td>\n<\/tr>\n<tr>\n<td style=\"text-align: center;\">Rubens Soares da Costa<\/td>\n<td style=\"text-align: center;\">Ginecologista\/Obstetra\/Ultrassonografista&nbsp;<\/td>\n<td style=\"text-align: center;\">24.276<\/td>\n<\/tr>\n<\/tbody>\n<\/table>\n","protected":false},"excerpt":{"rendered":"<p>M\u00e9dico Especialidade CRM Alex Bedim Radiologista 31.080 Antonio de P\u00e1dua Bizzo Radiologista 14.095 Bruno Almeida Sim\u00e3o da Mata Radiologista 75.257 Carlos Eduardo Bazarelli Almeida Radiologista 46.982 Edivar Pereira de Almeida Cardiologista 17.395 Erickson Guedes Ferrari Cardiologista 17.046 Fernando Rodrigues Lauriano Densitometrista 22.318 Jos\u00e9 Geraldo da Silva Cirurgia Vascular\/ Angiologista 12.904 Jose Santos Mostaro Cardiologista 42.442 [&hellip;]<\/p>\n","protected":false},"author":1,"featured_media":0,"parent":0,"menu_order":0,"comment_status":"closed","ping_status":"closed","template":"","meta":{"footnotes":""},"class_list":["post-143","page","type-page","status-publish","hentry"],"_links":{"self":[{"href":"https:\/\/cdhsp.com.br\/site\/wp-json\/wp\/v2\/pages\/143","targetHints":{"allow":["GET"]}}],"collection":[{"href":"https:\/\/cdhsp.com.br\/site\/wp-json\/wp\/v2\/pages"}],"about":[{"href":"https:\/\/cdhsp.com.br\/site\/wp-json\/wp\/v2\/types\/page"}],"author":[{"embeddable":true,"href":"https:\/\/cdhsp.com.br\/site\/wp-json\/wp\/v2\/users\/1"}],"replies":[{"embeddable":true,"href":"https:\/\/cdhsp.com.br\/site\/wp-json\/wp\/v2\/comments?post=143"}],"version-history":[{"count":12,"href":"https:\/\/cdhsp.com.br\/site\/wp-json\/wp\/v2\/pages\/143\/revisions"}],"predecessor-version":[{"id":398,"href":"https:\/\/cdhsp.com.br\/site\/wp-json\/wp\/v2\/pages\/143\/revisions\/398"}],"wp:attachment":[{"href":"https:\/\/cdhsp.com.br\/site\/wp-json\/wp\/v2\/media?parent=143"}],"curies":[{"name":"wp","href":"https:\/\/api.w.org\/{rel}","templated":true}]}}