{"id":135,"date":"2018-04-10T14:37:29","date_gmt":"2018-04-10T17:37:29","guid":{"rendered":"http:\/\/cdhsp.com.br\/site\/?page_id=135"},"modified":"2018-04-10T16:34:50","modified_gmt":"2018-04-10T19:34:50","slug":"sobre-nos","status":"publish","type":"page","link":"https:\/\/cdhsp.com.br\/site\/sobre-nos\/","title":{"rendered":"Sobre n\u00f3s"},"content":{"rendered":"<p>O Centro Diagn\u00f3stico do Hospital S\u00e3o Paulo deu in\u00edcio em suas atividades no ano de 1996, na condi\u00e7\u00e3o de uma pequena Cl\u00ednica de Ultrassonografia, anexa \u00e1 Casa de Caridade de Muria\u00e9- Hospital S\u00e3o Paulo. Foi fundada por um pequeno grupo de m\u00e9dicos de v\u00e1rias especialidades, com um \u00fanico objetivo, trazer para Muria\u00e9, algo inovador, e hoje uma das melhores cl\u00ednicas da regi\u00e3o em diagn\u00f3stico por imagem.<\/p>\n<p>Contamos com aparelhos para exames de imagem com alta defini\u00e7\u00e3o, e tecnologia de ponta, o Centro Diagn\u00f3stico conta com um quadro de colaboradores da mais alta compet\u00eancia, com atendimento humanizado e um excelente corpo cl\u00ednico, com v\u00e1rias especialidades, com m\u00e9dicos especializados e sempre atualizados para trazer o que a de melhor para nossa cidade e regi\u00e3o.<\/p>\n<p>O Centro Diagn\u00f3stico conta atualmente com dois andares de estrutura para melhor atende-lo,localizada em frente ao Hospital S\u00e3o Paulo no Edif\u00edcio das Cl\u00ednicas, no centro de Muria\u00e9 MG.<\/p>\n","protected":false},"excerpt":{"rendered":"<p>O Centro Diagn\u00f3stico do Hospital S\u00e3o Paulo deu in\u00edcio em suas atividades no ano de 1996, na condi\u00e7\u00e3o de uma pequena Cl\u00ednica de Ultrassonografia, anexa \u00e1 Casa de Caridade de Muria\u00e9- Hospital S\u00e3o Paulo. Foi fundada por um pequeno grupo de m\u00e9dicos de v\u00e1rias especialidades, com um \u00fanico objetivo, trazer para Muria\u00e9, algo inovador, e [&hellip;]<\/p>\n","protected":false},"author":1,"featured_media":0,"parent":0,"menu_order":0,"comment_status":"closed","ping_status":"closed","template":"","meta":{"footnotes":""},"class_list":["post-135","page","type-page","status-publish","hentry"],"_links":{"self":[{"href":"https:\/\/cdhsp.com.br\/site\/wp-json\/wp\/v2\/pages\/135","targetHints":{"allow":["GET"]}}],"collection":[{"href":"https:\/\/cdhsp.com.br\/site\/wp-json\/wp\/v2\/pages"}],"about":[{"href":"https:\/\/cdhsp.com.br\/site\/wp-json\/wp\/v2\/types\/page"}],"author":[{"embeddable":true,"href":"https:\/\/cdhsp.com.br\/site\/wp-json\/wp\/v2\/users\/1"}],"replies":[{"embeddable":true,"href":"https:\/\/cdhsp.com.br\/site\/wp-json\/wp\/v2\/comments?post=135"}],"version-history":[{"count":4,"href":"https:\/\/cdhsp.com.br\/site\/wp-json\/wp\/v2\/pages\/135\/revisions"}],"predecessor-version":[{"id":142,"href":"https:\/\/cdhsp.com.br\/site\/wp-json\/wp\/v2\/pages\/135\/revisions\/142"}],"wp:attachment":[{"href":"https:\/\/cdhsp.com.br\/site\/wp-json\/wp\/v2\/media?parent=135"}],"curies":[{"name":"wp","href":"https:\/\/api.w.org\/{rel}","templated":true}]}}